{"id":52,"date":"2015-11-12T17:11:38","date_gmt":"2015-11-12T17:11:38","guid":{"rendered":"http:\/\/blogfh.vok-software.cz\/?page_id=52"},"modified":"2016-02-21T16:36:47","modified_gmt":"2016-02-21T16:36:47","slug":"fotogalerie","status":"publish","type":"page","link":"http:\/\/www.food-4jazz.cz\/index.php\/fotogalerie\/","title":{"rendered":"Fotogalerie"},"content":{"rendered":"<p>V t\u00e9to rubrice bych se s v\u00e1mi cht\u011bla pod\u011blit o fotografie ze sv\u00fdch cest a zprost\u0159edkovat v\u00e1m tak svoje dojmy skrze fotoobjektiv.<a href=\"http:\/\/www.food-4jazz.cz\/wp-content\/uploads\/2016\/02\/IMG_0946.jpg\"><img loading=\"lazy\" decoding=\"async\" class=\"alignnone  wp-image-452 img-responsive\" src=\"http:\/\/www.food-4jazz.cz\/wp-content\/uploads\/2016\/02\/IMG_0946-1024x768.jpg\" alt=\"Seychelles \" width=\"1008\" height=\"757\" srcset=\"http:\/\/www.food-4jazz.cz\/wp-content\/uploads\/2016\/02\/IMG_0946-1024x768.jpg 1024w, http:\/\/www.food-4jazz.cz\/wp-content\/uploads\/2016\/02\/IMG_0946-600x450.jpg 600w, http:\/\/www.food-4jazz.cz\/wp-content\/uploads\/2016\/02\/IMG_0946-300x225.jpg 300w\" sizes=\"auto, (max-width: 1008px) 100vw, 1008px\" \/><\/a><\/p>\n","protected":false},"excerpt":{"rendered":"<p>V t\u00e9to rubrice bych se s v\u00e1mi cht\u011bla pod\u011blit o fotografie ze sv\u00fdch cest a zprost\u0159edkovat v\u00e1m tak svoje dojmy &hellip; <\/p>\n","protected":false},"author":1,"featured_media":0,"parent":0,"menu_order":10,"comment_status":"open","ping_status":"open","template":"","meta":{"footnotes":""},"class_list":["post-52","page","type-page","status-publish","hentry"],"_links":{"self":[{"href":"http:\/\/www.food-4jazz.cz\/index.php\/wp-json\/wp\/v2\/pages\/52","targetHints":{"allow":["GET"]}}],"collection":[{"href":"http:\/\/www.food-4jazz.cz\/index.php\/wp-json\/wp\/v2\/pages"}],"about":[{"href":"http:\/\/www.food-4jazz.cz\/index.php\/wp-json\/wp\/v2\/types\/page"}],"author":[{"embeddable":true,"href":"http:\/\/www.food-4jazz.cz\/index.php\/wp-json\/wp\/v2\/users\/1"}],"replies":[{"embeddable":true,"href":"http:\/\/www.food-4jazz.cz\/index.php\/wp-json\/wp\/v2\/comments?post=52"}],"version-history":[{"count":3,"href":"http:\/\/www.food-4jazz.cz\/index.php\/wp-json\/wp\/v2\/pages\/52\/revisions"}],"predecessor-version":[{"id":645,"href":"http:\/\/www.food-4jazz.cz\/index.php\/wp-json\/wp\/v2\/pages\/52\/revisions\/645"}],"wp:attachment":[{"href":"http:\/\/www.food-4jazz.cz\/index.php\/wp-json\/wp\/v2\/media?parent=52"}],"curies":[{"name":"wp","href":"https:\/\/api.w.org\/{rel}","templated":true}]}}